{"id":1587,"date":"2017-10-31T13:46:40","date_gmt":"2017-10-31T13:46:40","guid":{"rendered":"http:\/\/kitchengacaferi.com\/dashboard\/"},"modified":"2017-12-11T10:33:04","modified_gmt":"2017-12-11T10:33:04","slug":"zona-e-klienteve","status":"publish","type":"page","link":"https:\/\/gacaferi.com\/sq\/zona-e-klienteve\/","title":{"rendered":"Zona e Klient\u00ebve"},"content":{"rendered":"<p>Si klient i yni, ne ju\u00a0mund\u00ebsojm\u00eb qasje n\u00eb p\u00ebrmbajtjen shtes\u00eb p\u00ebr kompanin\u00eb dhe produktet tona.<br \/>\nN\u00ebse keni ndonj\u00eb pyetje, mos hezitoni t\u00eb na kontaktoni <a href=\"http:\/\/gacaferi.rrota.com\/kontakt\/?lang=sq\">k\u00ebtu.<\/a><\/p>\n<div class=\"grammarly-disable-indicator\"><\/div>\n<div class=\"grammarly-disable-indicator\"><\/div>\n","protected":false},"excerpt":{"rendered":"<p>Si klient i yni, ne ju\u00a0mund\u00ebsojm\u00eb qasje n\u00eb p\u00ebrmbajtjen shtes\u00eb p\u00ebr kompanin\u00eb dhe produktet tona. N\u00ebse keni ndonj\u00eb pyetje, mos hezitoni t\u00eb na kontaktoni k\u00ebtu.<\/p>\n","protected":false},"author":1,"featured_media":0,"parent":0,"menu_order":27,"comment_status":"closed","ping_status":"closed","template":"dashboard.php","meta":{"_mi_skip_tracking":false},"acf":[],"_links":{"self":[{"href":"https:\/\/gacaferi.com\/sq\/wp-json\/wp\/v2\/pages\/1587"}],"collection":[{"href":"https:\/\/gacaferi.com\/sq\/wp-json\/wp\/v2\/pages"}],"about":[{"href":"https:\/\/gacaferi.com\/sq\/wp-json\/wp\/v2\/types\/page"}],"author":[{"embeddable":true,"href":"https:\/\/gacaferi.com\/sq\/wp-json\/wp\/v2\/users\/1"}],"replies":[{"embeddable":true,"href":"https:\/\/gacaferi.com\/sq\/wp-json\/wp\/v2\/comments?post=1587"}],"version-history":[{"count":5,"href":"https:\/\/gacaferi.com\/sq\/wp-json\/wp\/v2\/pages\/1587\/revisions"}],"predecessor-version":[{"id":2107,"href":"https:\/\/gacaferi.com\/sq\/wp-json\/wp\/v2\/pages\/1587\/revisions\/2107"}],"wp:attachment":[{"href":"https:\/\/gacaferi.com\/sq\/wp-json\/wp\/v2\/media?parent=1587"}],"curies":[{"name":"wp","href":"https:\/\/api.w.org\/{rel}","templated":true}]}}