{"id":1494,"date":"2017-10-31T15:26:10","date_gmt":"2017-10-31T15:26:10","guid":{"rendered":"http:\/\/kitchengacaferi.com\/accessories\/"},"modified":"2017-12-08T12:29:27","modified_gmt":"2017-12-08T12:29:27","slug":"aksesoret","status":"publish","type":"page","link":"https:\/\/gacaferi.com\/sq\/aksesoret\/","title":{"rendered":"Aksesor\u00ebt"},"content":{"rendered":"<h2>Ne p\u00ebrdorim pajisjet m\u00eb t\u00eb mira p\u00ebr t\u00eb ofruar cil\u00ebsin me te lart<\/h2>\n<p>Kuzhinat tona jan\u00eb krijuar p\u00ebr t\u00eb garantuar standarde t\u00eb larta t\u00eb cil\u00ebsis\u00eb n\u00eb \u00e7do nivel. Ky artikull bazohet n\u00eb aspektet teknike dhe konstruktive t\u00eb produktit. K\u00ebto jan\u00eb elementet q\u00eb, megjith\u00ebse nuk mund t\u00eb shihen, disa detaje e b\u00ebjn\u00eb kuzhin\u00eb teknikisht t\u00eb sofistikuar: si shporta t\u00eb brendshme, q\u00eb garantojn\u00eb leht\u00ebsi dhe sakt\u00ebsi maksimale; ose p\u00ebrdorimi i materialeve q\u00eb ndalon pranin\u00eb e lag\u00ebshtir\u00ebs apo infiltrimit t\u00eb mundsh\u00ebm t\u00eb ujit. E gjith\u00eb kjo quhet kualitet.<\/p>\n","protected":false},"excerpt":{"rendered":"<p>Ne p\u00ebrdorim pajisjet m\u00eb t\u00eb mira p\u00ebr t\u00eb ofruar cil\u00ebsin me te lart Kuzhinat tona jan\u00eb krijuar p\u00ebr t\u00eb garantuar standarde t\u00eb larta t\u00eb cil\u00ebsis\u00eb n\u00eb \u00e7do nivel. Ky artikull bazohet n\u00eb aspektet teknike dhe konstruktive t\u00eb produktit. K\u00ebto jan\u00eb elementet q\u00eb, megjith\u00ebse nuk mund t\u00eb shihen, disa detaje e b\u00ebjn\u00eb kuzhin\u00eb teknikisht t\u00eb sofistikuar: [&hellip;]<\/p>\n","protected":false},"author":1,"featured_media":0,"parent":0,"menu_order":12,"comment_status":"closed","ping_status":"closed","template":"accessories_list.php","meta":{"_mi_skip_tracking":false},"acf":[],"_links":{"self":[{"href":"https:\/\/gacaferi.com\/sq\/wp-json\/wp\/v2\/pages\/1494"}],"collection":[{"href":"https:\/\/gacaferi.com\/sq\/wp-json\/wp\/v2\/pages"}],"about":[{"href":"https:\/\/gacaferi.com\/sq\/wp-json\/wp\/v2\/types\/page"}],"author":[{"embeddable":true,"href":"https:\/\/gacaferi.com\/sq\/wp-json\/wp\/v2\/users\/1"}],"replies":[{"embeddable":true,"href":"https:\/\/gacaferi.com\/sq\/wp-json\/wp\/v2\/comments?post=1494"}],"version-history":[{"count":3,"href":"https:\/\/gacaferi.com\/sq\/wp-json\/wp\/v2\/pages\/1494\/revisions"}],"predecessor-version":[{"id":2049,"href":"https:\/\/gacaferi.com\/sq\/wp-json\/wp\/v2\/pages\/1494\/revisions\/2049"}],"wp:attachment":[{"href":"https:\/\/gacaferi.com\/sq\/wp-json\/wp\/v2\/media?parent=1494"}],"curies":[{"name":"wp","href":"https:\/\/api.w.org\/{rel}","templated":true}]}}