{"id":1357,"date":"2017-11-17T11:38:36","date_gmt":"2017-11-17T11:38:36","guid":{"rendered":"http:\/\/kitchengacaferi.com\/?page_id=1357"},"modified":"2020-01-03T15:25:24","modified_gmt":"2020-01-03T15:25:24","slug":"kuzhina-moderne","status":"publish","type":"page","link":"https:\/\/gacaferi.com\/sq\/kuzhina-moderne\/","title":{"rendered":"Kuzhina"},"content":{"rendered":"<h2>Kuzhina moderne<\/h2>\n<p>Nj\u00eb zgjedhje e gjer\u00eb e kuzhinave moderne t\u00eb p\u00ebrshtatsh\u00ebm sipas shijes dhe stilit tuaj q\u00eb kuzhina juaj t\u00eb jet\u00eb unike, mund\u00ebsia p\u00ebr nj\u00eb zgjedhje t\u00eb gjer\u00eb t\u00eb materialeve, elementeve dhe ngjyrave n\u00eb harmoni me sht\u00ebpin\u00eb tuaj. Kuzhina ideale nuk \u00ebsht\u00eb vet\u00ebm e bukur, por gjithashtu duhet t&#8217;ju lejoj\u00eb t\u00eb p\u00ebrdorni hap\u00ebsir\u00ebn mir\u00eb var\u00ebsisht nga m\u00ebnyra se si doni t\u00eb l\u00ebvizni dhe t\u00eb punoni. Zgjidhni kuzhin\u00eb e \u00ebndrrave tuaja nga Gacaferi.<\/p>\n<div class=\"grammarly-disable-indicator\">\u00a0<img loading=\"lazy\" class=\"alignnone wp-image-3052 size-large\" src=\"http:\/\/gacaferi.com\/wp-content\/uploads\/2019\/11\/2-eee-1024x576.jpg\" alt=\"\" width=\"1024\" height=\"576\" srcset=\"https:\/\/gacaferi.com\/wp-content\/uploads\/2019\/11\/2-eee-1024x576.jpg 1024w, https:\/\/gacaferi.com\/wp-content\/uploads\/2019\/11\/2-eee-300x169.jpg 300w, https:\/\/gacaferi.com\/wp-content\/uploads\/2019\/11\/2-eee-768x432.jpg 768w, https:\/\/gacaferi.com\/wp-content\/uploads\/2019\/11\/2-eee.jpg 1718w\" sizes=\"(max-width: 1024px) 100vw, 1024px\" \/><\/div>\n","protected":false},"excerpt":{"rendered":"<p>Kuzhina moderne Nj\u00eb zgjedhje e gjer\u00eb e kuzhinave moderne t\u00eb p\u00ebrshtatsh\u00ebm sipas shijes dhe stilit tuaj q\u00eb kuzhina juaj t\u00eb jet\u00eb unike, mund\u00ebsia p\u00ebr nj\u00eb zgjedhje t\u00eb gjer\u00eb t\u00eb materialeve, elementeve dhe ngjyrave n\u00eb harmoni me sht\u00ebpin\u00eb tuaj. Kuzhina ideale nuk \u00ebsht\u00eb vet\u00ebm e bukur, por gjithashtu duhet t&#8217;ju lejoj\u00eb t\u00eb p\u00ebrdorni hap\u00ebsir\u00ebn mir\u00eb var\u00ebsisht [&hellip;]<\/p>\n","protected":false},"author":2,"featured_media":3052,"parent":0,"menu_order":13,"comment_status":"closed","ping_status":"closed","template":"kitchens.php","meta":{"_mi_skip_tracking":false},"acf":[],"_links":{"self":[{"href":"https:\/\/gacaferi.com\/sq\/wp-json\/wp\/v2\/pages\/1357"}],"collection":[{"href":"https:\/\/gacaferi.com\/sq\/wp-json\/wp\/v2\/pages"}],"about":[{"href":"https:\/\/gacaferi.com\/sq\/wp-json\/wp\/v2\/types\/page"}],"author":[{"embeddable":true,"href":"https:\/\/gacaferi.com\/sq\/wp-json\/wp\/v2\/users\/2"}],"replies":[{"embeddable":true,"href":"https:\/\/gacaferi.com\/sq\/wp-json\/wp\/v2\/comments?post=1357"}],"version-history":[{"count":6,"href":"https:\/\/gacaferi.com\/sq\/wp-json\/wp\/v2\/pages\/1357\/revisions"}],"predecessor-version":[{"id":3083,"href":"https:\/\/gacaferi.com\/sq\/wp-json\/wp\/v2\/pages\/1357\/revisions\/3083"}],"wp:featuredmedia":[{"embeddable":true,"href":"https:\/\/gacaferi.com\/sq\/wp-json\/wp\/v2\/media\/3052"}],"wp:attachment":[{"href":"https:\/\/gacaferi.com\/sq\/wp-json\/wp\/v2\/media?parent=1357"}],"curies":[{"name":"wp","href":"https:\/\/api.w.org\/{rel}","templated":true}]}}